{"id":1328,"date":"2018-10-25T16:44:28","date_gmt":"2018-10-25T16:44:28","guid":{"rendered":"http:\/\/wordpress-89239-751427.cloudwaysapps.com\/?page_id=1328"},"modified":"2020-08-10T13:11:39","modified_gmt":"2020-08-10T13:11:39","slug":"frequently-asked-questions","status":"publish","type":"page","link":"https:\/\/homyhost.com\/it\/frequently-asked-questions\/","title":{"rendered":"Domande Frequenti"},"content":{"rendered":"<div class=\"vc_row wpb_row vc_row-fluid\"><div class=\"wpb_column vc_column_container vc_col-sm-12\"><div class=\"vc_column-inner\"><div class=\"wpb_wrapper\">\n\t<div class=\"wpb_text_column wpb_content_element\" >\n\t\t<div class=\"wpb_wrapper\">\n\t\t\t<p>Ecco una lista delle domande pi\u00f9 frequenti. Se non trovi quello che vuoi sapere non esitare a contattarmi!<\/p>\n\n\t\t<\/div>\n\t<\/div>\n<div class=\"vc_separator wpb_content_element vc_separator_align_center vc_sep_width_100 vc_sep_pos_align_center vc_separator_no_text\" ><span class=\"vc_sep_holder vc_sep_holder_l\"><span  style=\"border-color:#d8dce1;\" class=\"vc_sep_line\"><\/span><\/span><span class=\"vc_sep_holder vc_sep_holder_r\"><span  style=\"border-color:#d8dce1;\" class=\"vc_sep_line\"><\/span><\/span>\n<\/div><\/div><\/div><\/div><\/div><div class=\"vc_row wpb_row vc_row-fluid\"><div class=\"wpb_column vc_column_container vc_col-sm-12\"><div class=\"vc_column-inner\"><div class=\"wpb_wrapper\">\n\t<div class=\"wpb_text_column wpb_content_element\" >\n\t\t<div class=\"wpb_wrapper\">\n\t\t\t<div>\n<div class=\"_1rlifxji\">\n<div class=\"_12ei9u44\">\n<h2 class=\"_tpbrp\" tabindex=\"-1\">Pi\u00f9 consultate:<\/h2>\n<\/div>\n<\/div>\n<\/div>\n\n\t\t<\/div>\n\t<\/div>\n<div id=\"1457564614680-0f2cb9e8-eaaf\" class=\"vc_toggle vc_toggle_default vc_toggle_color_default  vc_toggle_size_md\"><div class=\"vc_toggle_title\"><h4>E' sicuro prenotare sul tuo sito?<\/h4><i class=\"vc_toggle_icon\"><\/i><\/div><div class=\"vc_toggle_content\"><p>Prenotare sul mio sito \u00e8 del tutto sicuro. Se vuoi puoi controllare le mie oltre 2000 recensioni su Airbnb, o venirmi a trovare sui miei profili social. Io e la mia compagnia, Homy Host, abbiamo una reputazione solida che puoi verificare in molti modi. Inoltere puoi sempre inviarmi un messaggio o chiamarmi prima di prenotare!<\/p>\n<\/div><\/div><div id=\"1457563269545-df1d9b94-9d5e\" class=\"vc_toggle vc_toggle_default vc_toggle_color_default  vc_toggle_size_md\"><div class=\"vc_toggle_title\"><h4>Come posso pagare?<\/h4><i class=\"vc_toggle_icon\"><\/i><\/div><div class=\"vc_toggle_content\"><p>Puoi pagare con carta di credito o Pypal. Una volta pagato l'acconto del 10% puoi saldare il tutto sempre con carta o via PayPal, oppure direttamente in contanti all'arrivo.<\/p>\n<\/div><\/div><div id=\"1457564659743-c02f10f0-44cd\" class=\"vc_toggle vc_toggle_default vc_toggle_color_default  vc_toggle_size_md\"><div class=\"vc_toggle_title\"><h4>Ci sono dei costi extra?<\/h4><i class=\"vc_toggle_icon\"><\/i><\/div><div class=\"vc_toggle_content\"><p>Io non richiedo nessun costo aggiuntivo oltre a quello che vedi al momento della prenotazione. Ma ricorda che:<br \/>\n<strong>1. Il comune richiede le tasse di soggiorno. <\/strong>E sar\u00f2 io a doverle raccogliere. Le tasse dipenderanno dalla tua situazione e dalla tua meta. A Roma costano \u20ac3,5 a persona a notte per un massimo di 10 notti (\u20ac35 a persona) e i bambini sotto i 10 anni non pagano.<\/p>\n<p><strong>2. Un deposito cauzionale verr\u00e0 pre-autorizzato sulla tua carta.\u00a0<\/strong>Questo significa che non ti sar\u00e0 addebitato alcun costo ma una certa cifra (di solito \u20ac150) verr\u00e0 congelata sulla tua carta in caso vengano rilevati danni alla propriet\u00e0 al momento della tua partenza.<\/p>\n<\/div><\/div><div id=\"1457563413051-53682728-2bbe\" class=\"vc_toggle vc_toggle_default vc_toggle_color_default  vc_toggle_size_md\"><div class=\"vc_toggle_title\"><h4>Posso utilizzare pi\u00f9 di un metodo di pagamento?<\/h4><i class=\"vc_toggle_icon\"><\/i><\/div><div class=\"vc_toggle_content\"><p>Si. Puoi pagare l'acconto con la carta o con Paypal. Il saldo puoi pagarlo anche in contanti.<\/p>\n<\/div><\/div><div id=\"1457563354555-9215d732-d143\" class=\"vc_toggle vc_toggle_default vc_toggle_color_default  vc_toggle_size_md\"><div class=\"vc_toggle_title\"><h4>Cosa trover\u00f2 in casa e cosa dovr\u00f2 portarmi io?<\/h4><i class=\"vc_toggle_icon\"><\/i><\/div><div class=\"vc_toggle_content\"><p>Troverai:\n- Lenzuola e coperte per tutti i letti\n- Un asciugamano grande da doccia e uno pi\u00f9 piccolo per le mani a persona\n- Un tappetino per ogni bagno\n- Un canovaccio\n- Set di cortesia con saponi e shampoo per fare la doccia e lavarsi all'arrivo\n- Un rotolo di carta igienica a persona\n- Attrezzatura da cucina\n- Attrezzatura base per pulire\n\nEventuali cambi di biancheria non sono inclusi. Puoi richiederli con alcuni giorni di anticipo e li troverai all'arrivo in casa, pagando un prezzo aggiuntivo. Purtroppo non posso organizzare delle consegne successive al checkin.\n\nSaponi o prodotti per la casa oltre a quelli che troverai all'arrivo non sono inclusi.<\/p>\n<ul>\n<li>Bedding for all beds<\/li>\n<li>One large shower towel and one smaller hand towel for each guest<\/li>\n<li>One shower carpet per bathroom<\/li>\n<li>One kitchen towel<\/li>\n<li>Toiletries (single use shampoo bottles for each person, soap for each guest, single use dish washer or washing machine tabs)<\/li>\n<li>One roll of toilet paper for each guest<\/li>\n<li>Kitchenware<\/li>\n<li>Cleaning props<\/li>\n<\/ul>\n<p>Extra linen changes are not included in the booking price. Just request it a couple of days in advance and you will find it in the house at arrival. I won&#8217;t be able to arrange extra deliveries afterwords.<\/p>\n<p>Extra soap\/shampoo etc. is not included in the price.<\/p>\n<\/div><\/div><div class=\"vc_separator wpb_content_element vc_separator_align_center vc_sep_width_100 vc_sep_dotted vc_sep_pos_align_center vc_separator_no_text vc_custom_1540486621384  vc_custom_1540486621384\" ><span class=\"vc_sep_holder vc_sep_holder_l\"><span  style=\"border-color:#d8dce1;\" class=\"vc_sep_line\"><\/span><\/span><span class=\"vc_sep_holder vc_sep_holder_r\"><span  style=\"border-color:#d8dce1;\" class=\"vc_sep_line\"><\/span><\/span>\n<\/div><\/div><\/div><\/div><\/div><div class=\"vc_row wpb_row vc_row-fluid\"><div class=\"wpb_column vc_column_container vc_col-sm-12\"><div class=\"vc_column-inner\"><div class=\"wpb_wrapper\">\n\t<div class=\"wpb_text_column wpb_content_element\" >\n\t\t<div class=\"wpb_wrapper\">\n\t\t\t<div>\n<div class=\"_1rlifxji\">\n<div class=\"_12ei9u44\">\n<h2 class=\"_tpbrp\" tabindex=\"-1\">Domande sulla Prenotazione<\/h2>\n<\/div>\n<\/div>\n<\/div>\n\n\t\t<\/div>\n\t<\/div>\n<div  class=\"vc_toggle vc_toggle_default vc_toggle_color_default  vc_toggle_size_md\"><div class=\"vc_toggle_title\"><h4>Perch\u00e9 devo pagare un anticipo del 10%?<\/h4><i class=\"vc_toggle_icon\"><\/i><\/div><div class=\"vc_toggle_content\"><p>Una casa non \u00e8 come un Hotel. Ce n'\u00e8 solo una, e se qualcuno la tiene bloccata per poi non presentarsi, le possibilit\u00e0 di guadagnare in quel periodo sfumano.<\/p>\n<p>Facendo versare un piccolo acconto posso selezionare solo i viaggiatori che vogliono veramente stare da me e evito che le date vengano bloccate senza motivo.<\/p>\n<p>Inoltre devi sapere che, se non ci sono acconti da pagare, arrivano una valanga di prenotazioni del tutto false effettuate da persone che hanno bisogno di un finto indirizzo in Italia o per altri motivi oscuri. Meglio non averci nulla a che fare!<\/p>\n<p>Con un piccolo acconto tutto questo viene evitato e le date restano disponibili per veri viaggiatori come te!<\/p>\n<\/div><\/div><div  class=\"vc_toggle vc_toggle_default vc_toggle_color_default  vc_toggle_size_md\"><div class=\"vc_toggle_title\"><h4>L'acconto \u00e8 rimborsabile?<\/h4><i class=\"vc_toggle_icon\"><\/i><\/div><div class=\"vc_toggle_content\"><p>Dipende<\/p>\n<p>L'acconto \u00e8 rimborsabile in caso di eventi straordinari che ti portino a cancellare per motivi di forza maggiore. Significa che, in quelle date e per quella destinazione, nessuno sarebbe stato in grado di viaggiare. Le restrizioni dovute al coronavirus sono un esempio perfetto.<\/p>\n<p>In questo caso sarai totalmente rimborsato con l'esclusione di una tariffa di \u20ac20 per coprire i costi delle carte di credito (che non effettuano rimborsi) e per il lavoro organizzativo gi\u00e0 svolto dal mio staff.<\/p>\n<p>In tutti gli altri casi il pagamento non \u00e8 rimborsabile.<\/p>\n<p>Ad esempio, se non puoi viaggiare per un motivo che riguarda la tua situazione personale (cambio di piani del tuo datore di lavoro, hai perso il treno, non puoi pi\u00f9 muoverti ecc.) perderai l'acconto del 10%.<\/p>\n<p>Una eccezione:<\/p>\n<p>Puoi cancellare gratis entro 24 ore da quando hai effettuato la prenotazione. Se non hai ancora pagato non dovrai farlo. Se hai gi\u00e0 pagato purtroppo dovr\u00f2 trattenere \u20ac20 per coprire le tariffe delle carte di credito e il lavoro gi\u00e0 svolto.<\/p>\n<\/div><\/div><div  class=\"vc_toggle vc_toggle_default vc_toggle_color_default  vc_toggle_size_md\"><div class=\"vc_toggle_title\"><h4>Perch\u00e9 mi viene congelato un deposito cauzionale sulla carta?<\/h4><i class=\"vc_toggle_icon\"><\/i><\/div><div class=\"vc_toggle_content\"><p>Perch\u00e9 le mie case sono sempre in ottimo stato e ben equipaggiate. Ospito molte persone ogni anno, e se alcuni di questi rovinano i servizi, gli oggetti o la casa stessa, tu ricevi un servizio di qualit\u00e0 inferiore. Il deposito cauzionale ricorda a tutti di rispettare la propriet\u00e0 e gli ospiti futuri. Se ti prenderai cura della casa non hai motivo di preoccuparti del deposito cauzionale. E se rompi qualcosa davvero (pu\u00f2 capitare, siamo umani) sono sicuro che tu mi aiuteresti comunque a risolvere il problema, quindi il deposito cauzionale non fa differenza.<\/p>\n<\/div><\/div><div class=\"vc_separator wpb_content_element vc_separator_align_center vc_sep_width_100 vc_sep_dotted vc_sep_pos_align_center vc_separator_no_text vc_custom_1540486621384  vc_custom_1540486621384\" ><span class=\"vc_sep_holder vc_sep_holder_l\"><span  style=\"border-color:#d8dce1;\" class=\"vc_sep_line\"><\/span><\/span><span class=\"vc_sep_holder vc_sep_holder_r\"><span  style=\"border-color:#d8dce1;\" class=\"vc_sep_line\"><\/span><\/span>\n<\/div><\/div><\/div><\/div><\/div>","protected":false},"excerpt":{"rendered":"Here's a list of the questions that my guests ask more often. If you don't find yours don't hesitate to get in touch! Recommended for you Is it safe to book on your website?It is totally safe to book on my website. You can check my over 2000 reviews on Airbnb, or checkout my facebook [...]","protected":false},"author":16,"featured_media":0,"parent":0,"menu_order":0,"comment_status":"closed","ping_status":"closed","template":"","meta":{"_coblocks_attr":"","_coblocks_dimensions":"","_coblocks_responsive_height":"","_coblocks_accordion_ie_support":"","footnotes":""},"class_list":["post-1328","page","type-page","status-publish","hentry"],"yoast_head":"<!-- This site is optimized with the Yoast SEO plugin v27.4 - https:\/\/yoast.com\/product\/yoast-seo-wordpress\/ -->\n<title>Frequently Asked Questions - Homy Host<\/title>\n<meta name=\"robots\" content=\"index, follow, max-snippet:-1, max-image-preview:large, max-video-preview:-1\" \/>\n<link rel=\"canonical\" href=\"https:\/\/homyhost.com\/it\/frequently-asked-questions\/\" \/>\n<meta property=\"og:locale\" content=\"it_IT\" \/>\n<meta property=\"og:type\" content=\"article\" \/>\n<meta property=\"og:title\" content=\"Frequently Asked Questions - Homy Host\" \/>\n<meta property=\"og:url\" content=\"https:\/\/homyhost.com\/it\/frequently-asked-questions\/\" \/>\n<meta property=\"og:site_name\" content=\"Homy Host\" \/>\n<meta property=\"article:publisher\" content=\"https:\/\/www.facebook.com\/Homy-Host-100856931971575\/\" \/>\n<meta property=\"article:modified_time\" content=\"2020-08-10T13:11:39+00:00\" \/>\n<meta name=\"twitter:card\" content=\"summary_large_image\" \/>\n<meta name=\"twitter:label1\" content=\"Tempo di lettura stimato\" \/>\n\t<meta name=\"twitter:data1\" content=\"5 minuti\" \/>\n<script type=\"application\/ld+json\" class=\"yoast-schema-graph\">{\"@context\":\"https:\\\/\\\/schema.org\",\"@graph\":[{\"@type\":\"WebPage\",\"@id\":\"https:\\\/\\\/homyhost.com\\\/frequently-asked-questions\\\/\",\"url\":\"https:\\\/\\\/homyhost.com\\\/frequently-asked-questions\\\/\",\"name\":\"Frequently Asked Questions - Homy Host\",\"isPartOf\":{\"@id\":\"https:\\\/\\\/homyhost.com\\\/it\\\/#website\"},\"datePublished\":\"2018-10-25T16:44:28+00:00\",\"dateModified\":\"2020-08-10T13:11:39+00:00\",\"breadcrumb\":{\"@id\":\"https:\\\/\\\/homyhost.com\\\/frequently-asked-questions\\\/#breadcrumb\"},\"inLanguage\":\"it-IT\",\"potentialAction\":[{\"@type\":\"ReadAction\",\"target\":[\"https:\\\/\\\/homyhost.com\\\/frequently-asked-questions\\\/\"]}]},{\"@type\":\"BreadcrumbList\",\"@id\":\"https:\\\/\\\/homyhost.com\\\/frequently-asked-questions\\\/#breadcrumb\",\"itemListElement\":[{\"@type\":\"ListItem\",\"position\":1,\"name\":\"Home\",\"item\":\"https:\\\/\\\/homyhost.com\\\/it\\\/\"},{\"@type\":\"ListItem\",\"position\":2,\"name\":\"Frequently Asked Questions\"}]},{\"@type\":\"WebSite\",\"@id\":\"https:\\\/\\\/homyhost.com\\\/it\\\/#website\",\"url\":\"https:\\\/\\\/homyhost.com\\\/it\\\/\",\"name\":\"Homy Host\",\"description\":\"Prenota Ora\",\"publisher\":{\"@id\":\"https:\\\/\\\/homyhost.com\\\/it\\\/#organization\"},\"potentialAction\":[{\"@type\":\"SearchAction\",\"target\":{\"@type\":\"EntryPoint\",\"urlTemplate\":\"https:\\\/\\\/homyhost.com\\\/it\\\/?s={search_term_string}\"},\"query-input\":{\"@type\":\"PropertyValueSpecification\",\"valueRequired\":true,\"valueName\":\"search_term_string\"}}],\"inLanguage\":\"it-IT\"},{\"@type\":\"Organization\",\"@id\":\"https:\\\/\\\/homyhost.com\\\/it\\\/#organization\",\"name\":\"Homy Host\",\"url\":\"https:\\\/\\\/homyhost.com\\\/it\\\/\",\"logo\":{\"@type\":\"ImageObject\",\"inLanguage\":\"it-IT\",\"@id\":\"https:\\\/\\\/homyhost.com\\\/it\\\/#\\\/schema\\\/logo\\\/image\\\/\",\"url\":\"https:\\\/\\\/secureservercdn.net\\\/160.153.138.177\\\/r0l.945.myftpupload.com\\\/wp-content\\\/uploads\\\/2021\\\/01\\\/HH.png?time=1618059781\",\"contentUrl\":\"https:\\\/\\\/secureservercdn.net\\\/160.153.138.177\\\/r0l.945.myftpupload.com\\\/wp-content\\\/uploads\\\/2021\\\/01\\\/HH.png?time=1618059781\",\"width\":1920,\"height\":1912,\"caption\":\"Homy Host\"},\"image\":{\"@id\":\"https:\\\/\\\/homyhost.com\\\/it\\\/#\\\/schema\\\/logo\\\/image\\\/\"},\"sameAs\":[\"https:\\\/\\\/www.facebook.com\\\/Homy-Host-100856931971575\\\/\",\"https:\\\/\\\/www.instagram.com\\\/homy_host\\\/\"]}]}<\/script>\n<!-- \/ Yoast SEO plugin. -->","yoast_head_json":{"title":"Frequently Asked Questions - Homy Host","robots":{"index":"index","follow":"follow","max-snippet":"max-snippet:-1","max-image-preview":"max-image-preview:large","max-video-preview":"max-video-preview:-1"},"canonical":"https:\/\/homyhost.com\/it\/frequently-asked-questions\/","og_locale":"it_IT","og_type":"article","og_title":"Frequently Asked Questions - Homy Host","og_url":"https:\/\/homyhost.com\/it\/frequently-asked-questions\/","og_site_name":"Homy Host","article_publisher":"https:\/\/www.facebook.com\/Homy-Host-100856931971575\/","article_modified_time":"2020-08-10T13:11:39+00:00","twitter_card":"summary_large_image","twitter_misc":{"Tempo di lettura stimato":"5 minuti"},"schema":{"@context":"https:\/\/schema.org","@graph":[{"@type":"WebPage","@id":"https:\/\/homyhost.com\/frequently-asked-questions\/","url":"https:\/\/homyhost.com\/frequently-asked-questions\/","name":"Frequently Asked Questions - Homy Host","isPartOf":{"@id":"https:\/\/homyhost.com\/it\/#website"},"datePublished":"2018-10-25T16:44:28+00:00","dateModified":"2020-08-10T13:11:39+00:00","breadcrumb":{"@id":"https:\/\/homyhost.com\/frequently-asked-questions\/#breadcrumb"},"inLanguage":"it-IT","potentialAction":[{"@type":"ReadAction","target":["https:\/\/homyhost.com\/frequently-asked-questions\/"]}]},{"@type":"BreadcrumbList","@id":"https:\/\/homyhost.com\/frequently-asked-questions\/#breadcrumb","itemListElement":[{"@type":"ListItem","position":1,"name":"Home","item":"https:\/\/homyhost.com\/it\/"},{"@type":"ListItem","position":2,"name":"Frequently Asked Questions"}]},{"@type":"WebSite","@id":"https:\/\/homyhost.com\/it\/#website","url":"https:\/\/homyhost.com\/it\/","name":"Homy Host","description":"Prenota Ora","publisher":{"@id":"https:\/\/homyhost.com\/it\/#organization"},"potentialAction":[{"@type":"SearchAction","target":{"@type":"EntryPoint","urlTemplate":"https:\/\/homyhost.com\/it\/?s={search_term_string}"},"query-input":{"@type":"PropertyValueSpecification","valueRequired":true,"valueName":"search_term_string"}}],"inLanguage":"it-IT"},{"@type":"Organization","@id":"https:\/\/homyhost.com\/it\/#organization","name":"Homy Host","url":"https:\/\/homyhost.com\/it\/","logo":{"@type":"ImageObject","inLanguage":"it-IT","@id":"https:\/\/homyhost.com\/it\/#\/schema\/logo\/image\/","url":"https:\/\/secureservercdn.net\/160.153.138.177\/r0l.945.myftpupload.com\/wp-content\/uploads\/2021\/01\/HH.png?time=1618059781","contentUrl":"https:\/\/secureservercdn.net\/160.153.138.177\/r0l.945.myftpupload.com\/wp-content\/uploads\/2021\/01\/HH.png?time=1618059781","width":1920,"height":1912,"caption":"Homy Host"},"image":{"@id":"https:\/\/homyhost.com\/it\/#\/schema\/logo\/image\/"},"sameAs":["https:\/\/www.facebook.com\/Homy-Host-100856931971575\/","https:\/\/www.instagram.com\/homy_host\/"]}]}},"_links":{"self":[{"href":"https:\/\/homyhost.com\/it\/wp-json\/wp\/v2\/pages\/1328","targetHints":{"allow":["GET"]}}],"collection":[{"href":"https:\/\/homyhost.com\/it\/wp-json\/wp\/v2\/pages"}],"about":[{"href":"https:\/\/homyhost.com\/it\/wp-json\/wp\/v2\/types\/page"}],"author":[{"embeddable":true,"href":"https:\/\/homyhost.com\/it\/wp-json\/wp\/v2\/users\/16"}],"replies":[{"embeddable":true,"href":"https:\/\/homyhost.com\/it\/wp-json\/wp\/v2\/comments?post=1328"}],"version-history":[{"count":4,"href":"https:\/\/homyhost.com\/it\/wp-json\/wp\/v2\/pages\/1328\/revisions"}],"predecessor-version":[{"id":2447,"href":"https:\/\/homyhost.com\/it\/wp-json\/wp\/v2\/pages\/1328\/revisions\/2447"}],"wp:attachment":[{"href":"https:\/\/homyhost.com\/it\/wp-json\/wp\/v2\/media?parent=1328"}],"curies":[{"name":"wp","href":"https:\/\/api.w.org\/{rel}","templated":true}]}}